{"id":30,"date":"2022-05-15T15:48:59","date_gmt":"2022-05-15T15:48:59","guid":{"rendered":"http:\/\/staging.dekoratyviniaiaugalai.lt\/?page_id=30"},"modified":"2022-05-30T19:38:58","modified_gmt":"2022-05-30T19:38:58","slug":"kontaktai","status":"publish","type":"page","link":"https:\/\/staging.dekoratyviniaiaugalai.lt\/index.php\/kontaktai\/","title":{"rendered":"Kontaktai"},"content":{"rendered":"\t\t<div data-elementor-type=\"wp-page\" data-elementor-id=\"30\" class=\"elementor elementor-30\">\n\t\t\t\t\t\t\t\t\t<section class=\"elementor-section elementor-top-section elementor-element elementor-element-0eed875 elementor-section-boxed elementor-section-height-default elementor-section-height-default\" data-id=\"0eed875\" data-element_type=\"section\">\n\t\t\t\t\t\t<div class=\"elementor-container elementor-column-gap-default\">\n\t\t\t\t\t<div class=\"elementor-column elementor-col-100 elementor-top-column elementor-element elementor-element-46ea551\" data-id=\"46ea551\" data-element_type=\"column\">\n\t\t\t<div class=\"elementor-widget-wrap elementor-element-populated\">\n\t\t\t\t\t\t\t\t<div class=\"elementor-element elementor-element-070d42d elementor-widget elementor-widget-text-editor\" data-id=\"070d42d\" data-element_type=\"widget\" data-widget_type=\"text-editor.default\">\n\t\t\t\t<div class=\"elementor-widget-container\">\n\t\t\t<style>\/*! elementor - v3.6.5 - 27-04-2022 *\/\n.elementor-widget-text-editor.elementor-drop-cap-view-stacked .elementor-drop-cap{background-color:#818a91;color:#fff}.elementor-widget-text-editor.elementor-drop-cap-view-framed .elementor-drop-cap{color:#818a91;border:3px solid;background-color:transparent}.elementor-widget-text-editor:not(.elementor-drop-cap-view-default) .elementor-drop-cap{margin-top:8px}.elementor-widget-text-editor:not(.elementor-drop-cap-view-default) .elementor-drop-cap-letter{width:1em;height:1em}.elementor-widget-text-editor .elementor-drop-cap{float:left;text-align:center;line-height:1;font-size:50px}.elementor-widget-text-editor .elementor-drop-cap-letter{display:inline-block}<\/style>\t\t\t\t<div class=\"attribute-header\">\n<h1><span style=\"font-size: 16px;\">M\u016bs\u0173 medelyn\u0105 galite rasti:<\/span><\/h1><div><span style=\"font-size: 16px;\"><br><\/span><\/div>\n<\/div>\n<div class=\"attribute-short\">\n<p>Liepori\u0173 kaimas, Geltonoji g. 2, \u0160iauli\u0173 rajonas,<\/p>\n<p><b>mob. tel. 8 616 298 15<\/b><\/p>\n<p><b>Dirbame:<\/b><\/p>\n<p>I &#8211; VI&nbsp; &nbsp; 9-18 val.&nbsp;<\/p>\n<p>VII&nbsp; &nbsp; &nbsp; &nbsp;9-16 val.<\/p>\n<p>Medelynas pradeda dirbti anksti pavasar\u012f ir dirba iki lapkri\u010dio 1 d.<\/p>\n<p><b>Prekyba dekoratyviniais augalais bei prek\u0117s j\u016bs\u0173 aplinkai.<\/b><\/p>\n<p>el. pa\u0161tas:&nbsp;<a href=\"https:\/\/web.archive.org\/web\/20211227090252\/mailto:alandus55@gmail.com\" target=\"_self\">alandus55@gmail.com<\/a><\/p>\n<p><\/p>\n<p>\u012emon\u0117s rekvizitai:<\/p>\n<p><b>UAB&nbsp; \u201eAlandus\u201c<\/b><\/p>\n<p>\u012emon\u0117s kodas 300543650<\/p>\n<p>PVM mok\u0117tojo kodas LT100002272614<\/p>\n<p>A\/s LT197044060005412647<\/p>\n<p>SEB bankas<\/p>\n<p>Banko kodas 70440<\/p>\n<\/div>\t\t\t\t\t\t<\/div>\n\t\t\t\t<\/div>\n\t\t\t\t\t<\/div>\n\t\t<\/div>\n\t\t\t\t\t\t\t<\/div>\n\t\t<\/section>\n\t\t\t\t<section class=\"elementor-section elementor-top-section elementor-element elementor-element-0956017 elementor-section-boxed elementor-section-height-default elementor-section-height-default\" data-id=\"0956017\" data-element_type=\"section\">\n\t\t\t\t\t\t<div class=\"elementor-container elementor-column-gap-default\">\n\t\t\t\t\t<div class=\"elementor-column elementor-col-100 elementor-top-column elementor-element elementor-element-6b7c9df\" data-id=\"6b7c9df\" data-element_type=\"column\">\n\t\t\t<div class=\"elementor-widget-wrap elementor-element-populated\">\n\t\t\t\t\t\t\t\t<div class=\"elementor-element elementor-element-4a1e2dc elementor-widget elementor-widget-google_maps\" data-id=\"4a1e2dc\" data-element_type=\"widget\" data-widget_type=\"google_maps.default\">\n\t\t\t\t<div class=\"elementor-widget-container\">\n\t\t\t<style>\/*! elementor - v3.6.5 - 27-04-2022 *\/\n.elementor-widget-google_maps .elementor-widget-container{overflow:hidden}.elementor-widget-google_maps iframe{height:300px}<\/style>\t\t<div class=\"elementor-custom-embed\">\n\t\t\t<iframe frameborder=\"0\" scrolling=\"no\" marginheight=\"0\" marginwidth=\"0\"\n\t\t\t\t\tsrc=\"https:\/\/maps.google.com\/maps?q=55.8931293578642%2C%2023.230710288701893&#038;t=m&#038;z=13&#038;output=embed&#038;iwloc=near\"\n\t\t\t\t\ttitle=\"55.8931293578642, 23.230710288701893\"\n\t\t\t\t\taria-label=\"55.8931293578642, 23.230710288701893\"\n\t\t\t><\/iframe>\n\t\t<\/div>\n\t\t\t\t<\/div>\n\t\t\t\t<\/div>\n\t\t\t\t\t<\/div>\n\t\t<\/div>\n\t\t\t\t\t\t\t<\/div>\n\t\t<\/section>\n\t\t\t\t\t\t\t<\/div>\n\t\t","protected":false},"excerpt":{"rendered":"<p>M\u016bs\u0173 medelyn\u0105 galite rasti: Liepori\u0173 kaimas, Geltonoji g. 2, \u0160iauli\u0173 rajonas, mob. tel. 8 616 298 15 Dirbame: I &#8211; VI&nbsp; &nbsp; 9-18 val.&nbsp; VII&nbsp; &nbsp; &nbsp; &nbsp;9-16 val. Medelynas pradeda dirbti anksti pavasar\u012f ir dirba iki lapkri\u010dio 1 d. Prekyba dekoratyviniais augalais bei prek\u0117s j\u016bs\u0173 aplinkai. el. pa\u0161tas:&nbsp;alandus55@gmail.com \u012emon\u0117s rekvizitai: UAB&nbsp; \u201eAlandus\u201c \u012emon\u0117s kodas [&hellip;]<\/p>\n","protected":false},"author":1,"featured_media":0,"parent":0,"menu_order":0,"comment_status":"closed","ping_status":"closed","template":"elementor_header_footer","meta":{"om_disable_all_campaigns":false,"_monsterinsights_skip_tracking":false,"_monsterinsights_sitenote_active":false,"_monsterinsights_sitenote_note":"","_monsterinsights_sitenote_category":0},"_links":{"self":[{"href":"https:\/\/staging.dekoratyviniaiaugalai.lt\/index.php\/wp-json\/wp\/v2\/pages\/30"}],"collection":[{"href":"https:\/\/staging.dekoratyviniaiaugalai.lt\/index.php\/wp-json\/wp\/v2\/pages"}],"about":[{"href":"https:\/\/staging.dekoratyviniaiaugalai.lt\/index.php\/wp-json\/wp\/v2\/types\/page"}],"author":[{"embeddable":true,"href":"https:\/\/staging.dekoratyviniaiaugalai.lt\/index.php\/wp-json\/wp\/v2\/users\/1"}],"replies":[{"embeddable":true,"href":"https:\/\/staging.dekoratyviniaiaugalai.lt\/index.php\/wp-json\/wp\/v2\/comments?post=30"}],"version-history":[{"count":35,"href":"https:\/\/staging.dekoratyviniaiaugalai.lt\/index.php\/wp-json\/wp\/v2\/pages\/30\/revisions"}],"predecessor-version":[{"id":229,"href":"https:\/\/staging.dekoratyviniaiaugalai.lt\/index.php\/wp-json\/wp\/v2\/pages\/30\/revisions\/229"}],"wp:attachment":[{"href":"https:\/\/staging.dekoratyviniaiaugalai.lt\/index.php\/wp-json\/wp\/v2\/media?parent=30"}],"curies":[{"name":"wp","href":"https:\/\/api.w.org\/{rel}","templated":true}]}}