{"id":184,"date":"2022-05-29T18:57:54","date_gmt":"2022-05-29T18:57:54","guid":{"rendered":"http:\/\/staging.dekoratyviniaiaugalai.lt\/?page_id=184"},"modified":"2022-05-30T21:09:19","modified_gmt":"2022-05-30T21:09:19","slug":"dovanu-cekis","status":"publish","type":"page","link":"https:\/\/staging.dekoratyviniaiaugalai.lt\/index.php\/dovanu-cekis\/","title":{"rendered":"Dovan\u0173 \u010dekis"},"content":{"rendered":"\t\t<div data-elementor-type=\"wp-page\" data-elementor-id=\"184\" class=\"elementor elementor-184\">\n\t\t\t\t\t\t\t\t\t<section class=\"elementor-section elementor-top-section elementor-element elementor-element-e30deec elementor-section-boxed elementor-section-height-default elementor-section-height-default\" data-id=\"e30deec\" data-element_type=\"section\">\n\t\t\t\t\t\t<div class=\"elementor-container elementor-column-gap-default\">\n\t\t\t\t\t<div class=\"elementor-column elementor-col-50 elementor-top-column elementor-element elementor-element-70f75c0\" data-id=\"70f75c0\" data-element_type=\"column\">\n\t\t\t<div class=\"elementor-widget-wrap elementor-element-populated\">\n\t\t\t\t\t\t\t\t<div class=\"elementor-element elementor-element-7296cd2 elementor-widget elementor-widget-text-editor\" data-id=\"7296cd2\" data-element_type=\"widget\" data-widget_type=\"text-editor.default\">\n\t\t\t\t<div class=\"elementor-widget-container\">\n\t\t\t<style>\/*! elementor - v3.6.5 - 27-04-2022 *\/\n.elementor-widget-text-editor.elementor-drop-cap-view-stacked .elementor-drop-cap{background-color:#818a91;color:#fff}.elementor-widget-text-editor.elementor-drop-cap-view-framed .elementor-drop-cap{color:#818a91;border:3px solid;background-color:transparent}.elementor-widget-text-editor:not(.elementor-drop-cap-view-default) .elementor-drop-cap{margin-top:8px}.elementor-widget-text-editor:not(.elementor-drop-cap-view-default) .elementor-drop-cap-letter{width:1em;height:1em}.elementor-widget-text-editor .elementor-drop-cap{float:left;text-align:center;line-height:1;font-size:50px}.elementor-widget-text-editor .elementor-drop-cap-letter{display:inline-block}<\/style>\t\t\t\t<p>Ie\u0161kote originalios dovanos savo mylimam Sodininkui?<\/p><p>Tai n\u0117ra labai lengva u\u017eduotis. Liepori\u0173 medelyno dovan\u0173 \u010dekis \u2013 puikus b\u016bdas i\u0161spr\u0119sti \u0161\u012f galvos\u016bk\u012f.<\/p><p>Dovan\u0173 \u010dekio suma neribojama.<\/p><p>\u00a0<\/p><p><b>Svarbu<\/b>\u00a0prisiminti, kad dovan\u0173 \u010dekis galioja tik sezono metu \u2013 nuo baland\u017eio 1 d. iki lapkri\u010dio 1 d.<\/p>\t\t\t\t\t\t<\/div>\n\t\t\t\t<\/div>\n\t\t\t\t\t<\/div>\n\t\t<\/div>\n\t\t\t\t<div class=\"elementor-column elementor-col-50 elementor-top-column elementor-element elementor-element-1fa2711\" data-id=\"1fa2711\" data-element_type=\"column\">\n\t\t\t<div class=\"elementor-widget-wrap elementor-element-populated\">\n\t\t\t\t\t\t\t\t<div class=\"elementor-element elementor-element-641b062 elementor-widget elementor-widget-image\" data-id=\"641b062\" data-element_type=\"widget\" data-widget_type=\"image.default\">\n\t\t\t\t<div class=\"elementor-widget-container\">\n\t\t\t<style>\/*! elementor - v3.6.5 - 27-04-2022 *\/\n.elementor-widget-image{text-align:center}.elementor-widget-image a{display:inline-block}.elementor-widget-image a img[src$=\".svg\"]{width:48px}.elementor-widget-image img{vertical-align:middle;display:inline-block}<\/style>\t\t\t\t\t\t\t\t\t\t\t\t<img width=\"974\" height=\"1024\" src=\"https:\/\/staging.dekoratyviniaiaugalai.lt\/wp-content\/uploads\/2022\/05\/box-974x1024.png\" class=\"attachment-large size-large\" alt=\"\" loading=\"lazy\" srcset=\"https:\/\/staging.dekoratyviniaiaugalai.lt\/wp-content\/uploads\/2022\/05\/box-974x1024.png 974w, https:\/\/staging.dekoratyviniaiaugalai.lt\/wp-content\/uploads\/2022\/05\/box-285x300.png 285w, https:\/\/staging.dekoratyviniaiaugalai.lt\/wp-content\/uploads\/2022\/05\/box-768x808.png 768w, https:\/\/staging.dekoratyviniaiaugalai.lt\/wp-content\/uploads\/2022\/05\/box-1x1.png 1w, https:\/\/staging.dekoratyviniaiaugalai.lt\/wp-content\/uploads\/2022\/05\/box.png 1217w\" sizes=\"(max-width: 974px) 100vw, 974px\" \/>\t\t\t\t\t\t\t\t\t\t\t\t\t\t\t<\/div>\n\t\t\t\t<\/div>\n\t\t\t\t\t<\/div>\n\t\t<\/div>\n\t\t\t\t\t\t\t<\/div>\n\t\t<\/section>\n\t\t\t\t<section class=\"elementor-section elementor-top-section elementor-element elementor-element-c65c6cb elementor-section-boxed elementor-section-height-default elementor-section-height-default\" data-id=\"c65c6cb\" data-element_type=\"section\">\n\t\t\t\t\t\t<div class=\"elementor-container elementor-column-gap-default\">\n\t\t\t\t\t<div class=\"elementor-column elementor-col-100 elementor-top-column elementor-element elementor-element-e084125\" data-id=\"e084125\" data-element_type=\"column\">\n\t\t\t<div class=\"elementor-widget-wrap elementor-element-populated\">\n\t\t\t\t\t\t\t\t<div class=\"elementor-element elementor-element-78b331d elementor-widget elementor-widget-image\" data-id=\"78b331d\" data-element_type=\"widget\" data-widget_type=\"image.default\">\n\t\t\t\t<div class=\"elementor-widget-container\">\n\t\t\t\t\t\t\t\t\t\t\t\t\t\t\t<img width=\"1024\" height=\"284\" src=\"https:\/\/staging.dekoratyviniaiaugalai.lt\/wp-content\/uploads\/2022\/05\/Dovanu-cekis.png\" class=\"attachment-large size-large\" alt=\"\" loading=\"lazy\" srcset=\"https:\/\/staging.dekoratyviniaiaugalai.lt\/wp-content\/uploads\/2022\/05\/Dovanu-cekis.png 1024w, https:\/\/staging.dekoratyviniaiaugalai.lt\/wp-content\/uploads\/2022\/05\/Dovanu-cekis-300x83.png 300w, https:\/\/staging.dekoratyviniaiaugalai.lt\/wp-content\/uploads\/2022\/05\/Dovanu-cekis-768x213.png 768w, https:\/\/staging.dekoratyviniaiaugalai.lt\/wp-content\/uploads\/2022\/05\/Dovanu-cekis-1x1.png 1w\" sizes=\"(max-width: 1024px) 100vw, 1024px\" \/>\t\t\t\t\t\t\t\t\t\t\t\t\t\t\t<\/div>\n\t\t\t\t<\/div>\n\t\t\t\t\t<\/div>\n\t\t<\/div>\n\t\t\t\t\t\t\t<\/div>\n\t\t<\/section>\n\t\t\t\t\t\t\t<\/div>\n\t\t","protected":false},"excerpt":{"rendered":"<p>Ie\u0161kote originalios dovanos savo mylimam Sodininkui? Tai n\u0117ra labai lengva u\u017eduotis. Liepori\u0173 medelyno dovan\u0173 \u010dekis \u2013 puikus b\u016bdas i\u0161spr\u0119sti \u0161\u012f galvos\u016bk\u012f. Dovan\u0173 \u010dekio suma neribojama. \u00a0 Svarbu\u00a0prisiminti, kad dovan\u0173 \u010dekis galioja tik sezono metu \u2013 nuo baland\u017eio 1 d. iki lapkri\u010dio 1 d.<\/p>\n","protected":false},"author":1,"featured_media":0,"parent":0,"menu_order":0,"comment_status":"closed","ping_status":"closed","template":"elementor_header_footer","meta":{"om_disable_all_campaigns":false,"_monsterinsights_skip_tracking":false,"_monsterinsights_sitenote_active":false,"_monsterinsights_sitenote_note":"","_monsterinsights_sitenote_category":0},"_links":{"self":[{"href":"https:\/\/staging.dekoratyviniaiaugalai.lt\/index.php\/wp-json\/wp\/v2\/pages\/184"}],"collection":[{"href":"https:\/\/staging.dekoratyviniaiaugalai.lt\/index.php\/wp-json\/wp\/v2\/pages"}],"about":[{"href":"https:\/\/staging.dekoratyviniaiaugalai.lt\/index.php\/wp-json\/wp\/v2\/types\/page"}],"author":[{"embeddable":true,"href":"https:\/\/staging.dekoratyviniaiaugalai.lt\/index.php\/wp-json\/wp\/v2\/users\/1"}],"replies":[{"embeddable":true,"href":"https:\/\/staging.dekoratyviniaiaugalai.lt\/index.php\/wp-json\/wp\/v2\/comments?post=184"}],"version-history":[{"count":19,"href":"https:\/\/staging.dekoratyviniaiaugalai.lt\/index.php\/wp-json\/wp\/v2\/pages\/184\/revisions"}],"predecessor-version":[{"id":257,"href":"https:\/\/staging.dekoratyviniaiaugalai.lt\/index.php\/wp-json\/wp\/v2\/pages\/184\/revisions\/257"}],"wp:attachment":[{"href":"https:\/\/staging.dekoratyviniaiaugalai.lt\/index.php\/wp-json\/wp\/v2\/media?parent=184"}],"curies":[{"name":"wp","href":"https:\/\/api.w.org\/{rel}","templated":true}]}}