{"id":140,"date":"2022-05-24T12:03:15","date_gmt":"2022-05-24T12:03:15","guid":{"rendered":"http:\/\/staging.dekoratyviniaiaugalai.lt\/?page_id=140"},"modified":"2022-05-30T20:34:00","modified_gmt":"2022-05-30T20:34:00","slug":"asortimentas","status":"publish","type":"page","link":"https:\/\/staging.dekoratyviniaiaugalai.lt\/index.php\/asortimentas\/","title":{"rendered":"Asortimentas"},"content":{"rendered":"\t\t<div data-elementor-type=\"wp-page\" data-elementor-id=\"140\" class=\"elementor elementor-140\">\n\t\t\t\t\t\t\t\t\t<section class=\"elementor-section elementor-top-section elementor-element elementor-element-55f47ae elementor-section-boxed elementor-section-height-default elementor-section-height-default\" data-id=\"55f47ae\" data-element_type=\"section\">\n\t\t\t\t\t\t<div class=\"elementor-container elementor-column-gap-default\">\n\t\t\t\t\t<div class=\"elementor-column elementor-col-33 elementor-top-column elementor-element elementor-element-dc1025f\" data-id=\"dc1025f\" data-element_type=\"column\">\n\t\t\t<div class=\"elementor-widget-wrap elementor-element-populated\">\n\t\t\t\t\t\t\t\t<div class=\"elementor-element elementor-element-1397e9e elementor-align-center elementor-widget elementor-widget-button\" data-id=\"1397e9e\" data-element_type=\"widget\" data-widget_type=\"button.default\">\n\t\t\t\t<div class=\"elementor-widget-container\">\n\t\t\t\t\t<div class=\"elementor-button-wrapper\">\n\t\t\t<a href=\"#\" class=\"elementor-button-link elementor-button elementor-size-lg elementor-animation-shrink\" role=\"button\">\n\t\t\t\t\t\t<span class=\"elementor-button-content-wrapper\">\n\t\t\t\t\t\t<span class=\"elementor-button-text\">Spygliuo\u010diai med\u017eiai ir kr\u016bmai<\/span>\n\t\t<\/span>\n\t\t\t\t\t<\/a>\n\t\t<\/div>\n\t\t\t\t<\/div>\n\t\t\t\t<\/div>\n\t\t\t\t\t<\/div>\n\t\t<\/div>\n\t\t\t\t<div class=\"elementor-column elementor-col-33 elementor-top-column elementor-element elementor-element-6537b45\" data-id=\"6537b45\" data-element_type=\"column\">\n\t\t\t<div class=\"elementor-widget-wrap elementor-element-populated\">\n\t\t\t\t\t\t\t\t<div class=\"elementor-element elementor-element-811cb00 elementor-align-center elementor-widget elementor-widget-button\" data-id=\"811cb00\" data-element_type=\"widget\" data-widget_type=\"button.default\">\n\t\t\t\t<div class=\"elementor-widget-container\">\n\t\t\t\t\t<div class=\"elementor-button-wrapper\">\n\t\t\t<a href=\"#\" class=\"elementor-button-link elementor-button elementor-size-lg elementor-animation-shrink\" role=\"button\">\n\t\t\t\t\t\t<span class=\"elementor-button-content-wrapper\">\n\t\t\t\t\t\t<span class=\"elementor-button-text\">Lapuo\u010diai med\u017eiai ir kr\u016bmai<\/span>\n\t\t<\/span>\n\t\t\t\t\t<\/a>\n\t\t<\/div>\n\t\t\t\t<\/div>\n\t\t\t\t<\/div>\n\t\t\t\t\t<\/div>\n\t\t<\/div>\n\t\t\t\t<div class=\"elementor-column elementor-col-33 elementor-top-column elementor-element elementor-element-6be3f22\" data-id=\"6be3f22\" data-element_type=\"column\">\n\t\t\t<div class=\"elementor-widget-wrap\">\n\t\t\t\t\t\t\t\t\t<\/div>\n\t\t<\/div>\n\t\t\t\t\t\t\t<\/div>\n\t\t<\/section>\n\t\t\t\t<section class=\"elementor-section elementor-top-section elementor-element elementor-element-55908c0 elementor-section-boxed elementor-section-height-default elementor-section-height-default\" data-id=\"55908c0\" data-element_type=\"section\">\n\t\t\t\t\t\t<div class=\"elementor-container elementor-column-gap-default\">\n\t\t\t\t\t<div class=\"elementor-column elementor-col-33 elementor-top-column elementor-element elementor-element-e8d6091\" data-id=\"e8d6091\" data-element_type=\"column\">\n\t\t\t<div class=\"elementor-widget-wrap elementor-element-populated\">\n\t\t\t\t\t\t\t\t<div class=\"elementor-element elementor-element-ff12f03 elementor-widget elementor-widget-image\" data-id=\"ff12f03\" data-element_type=\"widget\" data-widget_type=\"image.default\">\n\t\t\t\t<div class=\"elementor-widget-container\">\n\t\t\t<style>\/*! elementor - v3.6.5 - 27-04-2022 *\/\n.elementor-widget-image{text-align:center}.elementor-widget-image a{display:inline-block}.elementor-widget-image a img[src$=\".svg\"]{width:48px}.elementor-widget-image img{vertical-align:middle;display:inline-block}<\/style>\t\t\t\t\t\t\t\t\t\t\t\t<img width=\"920\" height=\"1024\" src=\"https:\/\/staging.dekoratyviniaiaugalai.lt\/wp-content\/uploads\/2022\/05\/Spygliuoziai_1-920x1024.jpg\" class=\"attachment-large size-large\" alt=\"\" loading=\"lazy\" srcset=\"https:\/\/staging.dekoratyviniaiaugalai.lt\/wp-content\/uploads\/2022\/05\/Spygliuoziai_1-920x1024.jpg 920w, https:\/\/staging.dekoratyviniaiaugalai.lt\/wp-content\/uploads\/2022\/05\/Spygliuoziai_1-270x300.jpg 270w, https:\/\/staging.dekoratyviniaiaugalai.lt\/wp-content\/uploads\/2022\/05\/Spygliuoziai_1-768x855.jpg 768w, https:\/\/staging.dekoratyviniaiaugalai.lt\/wp-content\/uploads\/2022\/05\/Spygliuoziai_1-1380x1536.jpg 1380w, https:\/\/staging.dekoratyviniaiaugalai.lt\/wp-content\/uploads\/2022\/05\/Spygliuoziai_1-1x1.jpg 1w, https:\/\/staging.dekoratyviniaiaugalai.lt\/wp-content\/uploads\/2022\/05\/Spygliuoziai_1.jpg 1609w\" sizes=\"(max-width: 920px) 100vw, 920px\" \/>\t\t\t\t\t\t\t\t\t\t\t\t\t\t\t<\/div>\n\t\t\t\t<\/div>\n\t\t\t\t\t<\/div>\n\t\t<\/div>\n\t\t\t\t<div class=\"elementor-column elementor-col-33 elementor-top-column elementor-element elementor-element-3c0f1f0\" data-id=\"3c0f1f0\" data-element_type=\"column\">\n\t\t\t<div class=\"elementor-widget-wrap elementor-element-populated\">\n\t\t\t\t\t\t\t\t<div class=\"elementor-element elementor-element-73bc822 elementor-widget elementor-widget-image\" data-id=\"73bc822\" data-element_type=\"widget\" data-widget_type=\"image.default\">\n\t\t\t\t<div class=\"elementor-widget-container\">\n\t\t\t\t\t\t\t\t\t\t\t\t\t\t\t<img width=\"916\" height=\"1024\" src=\"https:\/\/staging.dekoratyviniaiaugalai.lt\/wp-content\/uploads\/2022\/05\/Lapuociai_1-916x1024.jpg\" class=\"attachment-large size-large\" alt=\"\" loading=\"lazy\" srcset=\"https:\/\/staging.dekoratyviniaiaugalai.lt\/wp-content\/uploads\/2022\/05\/Lapuociai_1-916x1024.jpg 916w, https:\/\/staging.dekoratyviniaiaugalai.lt\/wp-content\/uploads\/2022\/05\/Lapuociai_1-268x300.jpg 268w, https:\/\/staging.dekoratyviniaiaugalai.lt\/wp-content\/uploads\/2022\/05\/Lapuociai_1-768x858.jpg 768w, https:\/\/staging.dekoratyviniaiaugalai.lt\/wp-content\/uploads\/2022\/05\/Lapuociai_1-1374x1536.jpg 1374w, https:\/\/staging.dekoratyviniaiaugalai.lt\/wp-content\/uploads\/2022\/05\/Lapuociai_1-1832x2048.jpg 1832w, https:\/\/staging.dekoratyviniaiaugalai.lt\/wp-content\/uploads\/2022\/05\/Lapuociai_1-1x1.jpg 1w\" sizes=\"(max-width: 916px) 100vw, 916px\" \/>\t\t\t\t\t\t\t\t\t\t\t\t\t\t\t<\/div>\n\t\t\t\t<\/div>\n\t\t\t\t\t<\/div>\n\t\t<\/div>\n\t\t\t\t<div class=\"elementor-column elementor-col-33 elementor-top-column elementor-element elementor-element-98deb89\" data-id=\"98deb89\" data-element_type=\"column\">\n\t\t\t<div class=\"elementor-widget-wrap\">\n\t\t\t\t\t\t\t\t\t<\/div>\n\t\t<\/div>\n\t\t\t\t\t\t\t<\/div>\n\t\t<\/section>\n\t\t\t\t\t\t\t<\/div>\n\t\t","protected":false},"excerpt":{"rendered":"<p>Spygliuo\u010diai med\u017eiai ir kr\u016bmai Lapuo\u010diai med\u017eiai ir kr\u016bmai<\/p>\n","protected":false},"author":1,"featured_media":0,"parent":0,"menu_order":0,"comment_status":"closed","ping_status":"closed","template":"elementor_header_footer","meta":{"om_disable_all_campaigns":false,"_monsterinsights_skip_tracking":false,"_monsterinsights_sitenote_active":false,"_monsterinsights_sitenote_note":"","_monsterinsights_sitenote_category":0},"_links":{"self":[{"href":"https:\/\/staging.dekoratyviniaiaugalai.lt\/index.php\/wp-json\/wp\/v2\/pages\/140"}],"collection":[{"href":"https:\/\/staging.dekoratyviniaiaugalai.lt\/index.php\/wp-json\/wp\/v2\/pages"}],"about":[{"href":"https:\/\/staging.dekoratyviniaiaugalai.lt\/index.php\/wp-json\/wp\/v2\/types\/page"}],"author":[{"embeddable":true,"href":"https:\/\/staging.dekoratyviniaiaugalai.lt\/index.php\/wp-json\/wp\/v2\/users\/1"}],"replies":[{"embeddable":true,"href":"https:\/\/staging.dekoratyviniaiaugalai.lt\/index.php\/wp-json\/wp\/v2\/comments?post=140"}],"version-history":[{"count":22,"href":"https:\/\/staging.dekoratyviniaiaugalai.lt\/index.php\/wp-json\/wp\/v2\/pages\/140\/revisions"}],"predecessor-version":[{"id":249,"href":"https:\/\/staging.dekoratyviniaiaugalai.lt\/index.php\/wp-json\/wp\/v2\/pages\/140\/revisions\/249"}],"wp:attachment":[{"href":"https:\/\/staging.dekoratyviniaiaugalai.lt\/index.php\/wp-json\/wp\/v2\/media?parent=140"}],"curies":[{"name":"wp","href":"https:\/\/api.w.org\/{rel}","templated":true}]}}